{"id":224,"date":"2026-02-03T16:28:50","date_gmt":"2026-02-03T15:28:50","guid":{"rendered":"https:\/\/kebeth.pl\/stiliger.com2026\/?page_id=224"},"modified":"2026-02-24T11:38:37","modified_gmt":"2026-02-24T10:38:37","slug":"formularz","status":"publish","type":"page","link":"https:\/\/stiliger.com\/sensorymini\/formularz\/","title":{"rendered":"Rejestracja"},"content":{"rendered":"\r\n\t\t<div  class=\"block-fe76d144-a411-4fc4-a9d6-9195b54a7f24 areoi-element container\">\r\n\t\t\t\r\n\t\t\t\n\r\n\t\t<div  class=\"block-4c24f529-1dd8-44c3-8f2e-5fa1aadd79ae row areoi-element\">\r\n\t\t\t\r\n\r\n\t\t\t\n\r\n\t\t<div  class=\"block-0fe336f5-8729-4e1b-917a-d52d87cd0d43 col areoi-element col-12 col-sm-12 col-md-12 col-lg-12 col-xl-6 col-xxl-6\">\r\n\t\t\t\r\n\t\t\t\n\n<h1 class=\"wp-block-heading is-style-text-display is-style-text-display--1\"><strong>Dzi\u0119kujemy za zainteresowanie ofert\u0105 naszej firmy i ch\u0119\u0107 wsp\u00f3\u0142pracy!<\/strong><\/h1>\n\n\n\n<p><\/p>\n\n \r\n\t\t\t\r\n\t\t<\/div>\r\n\t\n\n\r\n\t\t<div  class=\"block-af4d7379-5e7d-48ee-a462-7d850cfb671e col areoi-element col-12 col-sm-12 col-md-12 col-lg-12 col-xl-6 col-xxl-6\">\r\n\t\t\t\r\n\t\t\t\n\n<p>Stiliger sp. z o.o. konsekwentnie rozwija wsp\u00f3\u0142prac\u0119 z profesjonalnymi firmami instalatorskimi, stawiaj\u0105c na d\u0142ugofalowe relacje oparte na zaufaniu, przejrzystych zasadach i realnych korzy\u015bciach biznesowych. Naszym celem jest tworzenie partnerstw, kt\u00f3re wspieraj\u0105 rozw\u00f3j Twojej firmy i u\u0142atwiaj\u0105 codzienn\u0105 prac\u0119.<\/p>\n\n\n\n<p>Wype\u0142nienie poni\u017cszego formularza to pierwszy krok do do\u0142\u0105czenia do grona naszych partner\u00f3w. Pozwoli Ci on uzyska\u0107 dost\u0119p do dedykowanej oferty handlowej, w tym atrakcyjnych <strong>promocji<\/strong>, <strong>rabat\u00f3w<\/strong>, a tak\u017ce <strong>specjalnych warunk\u00f3w cenowych na produkty demonstracyjne<\/strong>. <\/p>\n\n\n\n<p>Dodatkowo, dzi\u0119ki pozostawieniu swoich danych, zyskasz mo\u017cliwo\u015b\u0107 wygodnego zamawiania produkt\u00f3w z naszego sklepu oraz bie\u017c\u0105cego otrzymywania informacji o nowo\u015bciach, premierach produktowych i ofertach dost\u0119pnych wy\u0142\u0105cznie dla zarejestrowanych firm.<\/p>\n\n \r\n\t\t\t\r\n\t\t<\/div>\r\n\t\n \r\n\t\t<\/div>\r\n\t\n\n\r\n\t\t<div  class=\"block-8a75431e-b7e6-40e4-9382-7c1b895ed055 row areoi-element\">\r\n\t\t\t\r\n\r\n\t\t\t\n\r\n\t\t<div  class=\"block-46143582-a091-42b8-8541-e88b0ba6d376 col areoi-element hr-dark\">\r\n\t\t\t\r\n\t\t\t \r\n\t\t\t\r\n\t\t<\/div>\r\n\t\n \r\n\t\t<\/div>\r\n\t\n\n\r\n\t\t<div  class=\"block-5ab9ab08-8db3-4ead-9fb5-30ab481f9b40 row areoi-element\">\r\n\t\t\t\r\n\r\n\t\t\t\n\r\n\t\t<div  class=\"block-22bbe467-12d1-4fde-a2be-c962ee1ee3f6 col areoi-element\">\r\n\t\t\t\r\n\t\t\t\n\n<p class=\"is-style-instrukcja-tytul is-style-instrukcja-tytul--2\">Do\u0142\u0105cz do sieci partner\u00f3w Stiliger i korzystaj z rozwi\u0105za\u0144 zaprojektowanych z my\u015bl\u0105 o profesjonalistach.<\/p>\n\n \r\n\t\t\t\r\n\t\t<\/div>\r\n\t\n \r\n\t\t<\/div>\r\n\t\n\n\r\n\t\t<div  class=\"block-23ce243e-d1d1-474d-a174-df0743eeb575 row areoi-element\">\r\n\t\t\t\r\n\r\n\t\t\t\n\r\n\t\t<div  class=\"block-d5f0d7aa-28a7-4875-8aa3-694c92d49373 col areoi-element\">\r\n\t\t\t\r\n\t\t\t\n\n<div class=\"wpcf7 no-js\" id=\"wpcf7-f242-o1\" lang=\"pl-PL\" dir=\"ltr\" data-wpcf7-id=\"242\">\n<div class=\"screen-reader-response\"><p role=\"status\" aria-live=\"polite\" aria-atomic=\"true\"><\/p> <ul><\/ul><\/div>\n<form action=\"\/sensorymini\/wp-json\/wp\/v2\/pages\/224#wpcf7-f242-o1\" method=\"post\" class=\"wpcf7-form init\" aria-label=\"Formularz kontaktowy\" novalidate=\"novalidate\" data-status=\"init\">\n<fieldset class=\"hidden-fields-container\"><input type=\"hidden\" name=\"_wpcf7\" value=\"242\" \/><input type=\"hidden\" name=\"_wpcf7_version\" value=\"6.1.4\" \/><input type=\"hidden\" name=\"_wpcf7_locale\" value=\"pl_PL\" \/><input type=\"hidden\" name=\"_wpcf7_unit_tag\" value=\"wpcf7-f242-o1\" \/><input type=\"hidden\" name=\"_wpcf7_container_post\" value=\"0\" \/><input type=\"hidden\" name=\"_wpcf7_posted_data_hash\" value=\"\" \/><input type=\"hidden\" name=\"_wpcf7_recaptcha_response\" value=\"\" \/>\n<\/fieldset>\n<div class=\"row\">\n\t<div class=\"col col-12 col-xxl-6 form-fields\">\n\t\t<div class=\"light-box\">\n\t\t\t<p><label>Imi\u0119 i nazwisko<\/label><br \/>\n<span class=\"wpcf7-form-control-wrap\" data-name=\"your-name\"><input size=\"40\" maxlength=\"400\" class=\"wpcf7-form-control wpcf7-text wpcf7-validates-as-required\" autocomplete=\"name\" aria-required=\"true\" aria-invalid=\"false\" value=\"\" type=\"text\" name=\"your-name\" \/><\/span><br \/>\n<label> Rola w firmie<\/label><br \/>\n<span class=\"wpcf7-form-control-wrap\" data-name=\"role-in-company\"><input size=\"40\" maxlength=\"400\" class=\"wpcf7-form-control wpcf7-text wpcf7-validates-as-required\" autocomplete=\"role\" aria-required=\"true\" aria-invalid=\"false\" value=\"\" type=\"text\" name=\"role-in-company\" \/><\/span>\n\t\t\t<\/p>\n\t\t\t<p><label>NIP<\/label><br \/>\n<span class=\"wpcf7-form-control-wrap\" data-name=\"nip\"><input size=\"40\" maxlength=\"10\" minlength=\"10\" class=\"wpcf7-form-control wpcf7-text wpcf7-validates-as-required\" id=\"nip\" aria-required=\"true\" aria-invalid=\"false\" value=\"\" type=\"text\" name=\"nip\" \/><\/span>\n\t\t\t<\/p>\n\t\t\t<p><label>Nazwa firmy<\/label><br \/>\n<span class=\"wpcf7-form-control-wrap\" data-name=\"company-name\"><input size=\"40\" maxlength=\"400\" class=\"wpcf7-form-control wpcf7-text wpcf7-validates-as-required\" id=\"company-name\" aria-required=\"true\" aria-invalid=\"false\" value=\"\" type=\"text\" name=\"company-name\" \/><\/span>\n\t\t\t<\/p>\n\t\t\t<p><label> Adres firmy<\/label><br \/>\n<span class=\"wpcf7-form-control-wrap\" data-name=\"company-address\"><input size=\"40\" maxlength=\"400\" class=\"wpcf7-form-control wpcf7-text wpcf7-validates-as-required\" id=\"company-address\" aria-required=\"true\" aria-invalid=\"false\" value=\"\" type=\"text\" name=\"company-address\" \/><\/span>\n\t\t\t<\/p>\n\t\t\t<p><label> Telefon kontaktowy<\/label><br \/>\n<span class=\"wpcf7-form-control-wrap\" data-name=\"phone\"><input size=\"40\" maxlength=\"400\" class=\"wpcf7-form-control wpcf7-text wpcf7-validates-as-required\" autocomplete=\"phone\" aria-required=\"true\" aria-invalid=\"false\" value=\"\" type=\"text\" name=\"phone\" \/><\/span><br \/>\n<label> Adres e-mail<\/label><br \/>\n<span class=\"wpcf7-form-control-wrap\" data-name=\"your-email\"><input size=\"40\" maxlength=\"400\" class=\"wpcf7-form-control wpcf7-email wpcf7-validates-as-required wpcf7-text wpcf7-validates-as-email\" autocomplete=\"email\" aria-required=\"true\" aria-invalid=\"false\" value=\"\" type=\"email\" name=\"your-email\" \/><\/span>\n\t\t\t<\/p>\n\t\t<\/div>\n\t<\/div>\n\t<div class=\"col col-12 col-xxl-6\">\n\t\t<div class=\"light-box\">\n\t\t\t<p><strong>Zgoda na przetwarzanie danych:<\/strong>\n\t\t\t<\/p>\n\t\t\t<ol class=\"zgoda\">\n\t\t\t\t<li>\n\t\t\t\t\t<p>Administratorem danych osobowych jest Stiliger sp. o.o., ul. Z. Augusta 10A, 43-600 Jaworzno, NIP 6322017334, Regon: 367342578, tel.: 662500723, mail: <a href=\"mailto:info@stiliger.com\">info@stiliger.com<\/a>\n\t\t\t\t\t<\/p>\n\t\t\t\t<\/li>\n\t\t\t\t<li>\n\t\t\t\t\t<p>Przekazane dane osobowe przetwarzane b\u0119d\u0105 w celach marketingowo-sprzeda\u017cowych i promocyjnych.\n\t\t\t\t\t<\/p>\n\t\t\t\t<\/li>\n\t\t\t\t<li>\n\t\t\t\t\t<p>Kategorie danych osobowych obejmuj\u0105 m.in. imi\u0119 i nazwisko, numer telefonu, adres e-mail, adres, dane dedykowane do przesy\u0142ania newsletter\u00f3w, ofertowania, realizacji procesu zakup-sprzeda\u017c.\n\t\t\t\t\t<\/p>\n\t\t\t\t<\/li>\n\t\t\t\t<li>\n\t\t\t\t\t<p>Pani \/ Pana dane osobowe mog\u0105 by\u0107 przekazywane podmiotom przetwarzaj\u0105cym dane osobowe (np. obs\u0142uga IT, firmy kurierskie).\n\t\t\t\t\t<\/p>\n\t\t\t\t<\/li>\n\t\t\t\t<li>\n\t\t\t\t\t<p>Pa\u0144stwa dane osobowe b\u0119d\u0105 przechowywane przez okres istnienia prawnie uzasadnionego interesu administratora, chyba \u017ce Pani \/ Pan wyrazi sprzeciw wobec przetwarzania danych.\n\t\t\t\t\t<\/p>\n\t\t\t\t<\/li>\n\t\t\t\t<li>\n\t\t\t\t\t<p>Pa\u0144stwa dane nie b\u0119d\u0105 przekazywane do pa\u0144stwa trzeciego ani organizacji mi\u0119dzynarodowej.\n\t\t\t\t\t<\/p>\n\t\t\t\t<\/li>\n\t\t\t\t<li>\n\t\t\t\t\t<p>Posiadaj\u0105 Pa\u0144stwo prawo dost\u0119pu do tre\u015bci swoich danych oraz prawo ich sprostowania, usuni\u0119cia, ograniczenia przetwarzania, prawo do przenoszenia danych, prawo wniesienia sprzeciwu, prawo do cofni\u0119cia zgody w dowolnym momencie bez wp\u0142ywu na zgodno\u015b\u0107 z prawem przetwarzania, kt\u00f3rego dokonano na podstawie zgody przed jej cofni\u0119ciem.\n\t\t\t\t\t<\/p>\n\t\t\t\t<\/li>\n\t\t\t\t<li>\n\t\t\t\t\t<p>Maj\u0105 Pa\u0144stwo prawo wniesienia skargi do organu nadzorczego zajmuj\u0105cego si\u0119 ochron\u0105 danych osobowych, kt\u00f3rym jest Prezes Urz\u0119du Ochrony Danych Osobowych, gdy uznaj\u0105 Pa\u0144stwo, i\u017c przetwarzanie Pa\u0144stwa danych osobowych narusza przepisy ustawy z dnia 10 maja 2018 r. o ochronie danych osobowych (tekst jednolity Dz. U. z 2018 r., poz. 1000) lub przepisy Rozporz\u0105dzenia Parlamentu Europejskiego i Rady (UE) 2016\/679 z dnia 27 kwietnia 2016 r. w sprawie ochrony os\u00f3b fizycznych w zwi\u0105zku z przetwarzaniem danych osobowych i w sprawie swobodnego przep\u0142ywu takich danych oraz uchylenia dyrektywy 95\/46\/WE (og\u00f3lne rozporz\u0105dzenie o ochronie danych) z dnia 27 kwietnia 2016 r. (Dz.Urz.UE.L Nr 119, str. 1).\n\t\t\t\t\t<\/p>\n\t\t\t\t<\/li>\n\t\t\t\t<li>\n\t\t\t\t\t<p>Dane pochodz\u0105 od os\u00f3b, kt\u00f3rych dane dotycz\u0105.\n\t\t\t\t\t<\/p>\n\t\t\t\t<\/li>\n\t\t\t\t<li>\n\t\t\t\t\t<p>Podanie przez Pa\u0144stwa danych osobowych jest dobrowolne, lecz niezb\u0119dne do przesy\u0142ania ofert, newsletter\u00f3w oraz realizacji procesu marketingowo-sprzeda\u017cowego.\n\t\t\t\t\t<\/p>\n\t\t\t\t<\/li>\n\t\t\t<\/ol>\n\t\t\t<p><span class=\"wpcf7-form-control-wrap\" data-name=\"acceptance-576\"><span class=\"wpcf7-form-control wpcf7-acceptance\"><span class=\"wpcf7-list-item\"><label><input type=\"checkbox\" name=\"acceptance-576\" value=\"1\" aria-invalid=\"false\" \/><span class=\"wpcf7-list-item-label\">Potwierdzam, \u017ce zapozna\u0142em si\u0119 z <a href=\"https:\/\/stiliger.com\/sensorymini\/polityka-prywatnosci\/\">Polityk\u0105 Prywatno\u015bci<\/a> i wyra\u017cam zgod\u0119 na przetwarzanie moich danych osobowych zgodnie z opisanymi zasadami.<\/span><\/label><\/span><\/span><\/span>\n\t\t\t<\/p>\n\t\t\t<p><input class=\"wpcf7-form-control wpcf7-submit has-spinner btn btn-primary\" type=\"submit\" value=\"Wy\u015blij formularz\" \/>\n\t\t\t<\/p>\n\t\t<\/div>\n\t<\/div>\n<\/div><div class=\"wpcf7-response-output\" aria-hidden=\"true\"><\/div>\n<\/form>\n<\/div>\n\n\n \r\n\t\t\t\r\n\t\t<\/div>\r\n\t\n \r\n\t\t<\/div>\r\n\t\n \r\n\t\t<\/div>\r\n\t","protected":false},"excerpt":{"rendered":"","protected":false},"author":1,"featured_media":0,"parent":0,"menu_order":0,"comment_status":"closed","ping_status":"open","template":"","meta":{"footnotes":""},"class_list":["post-224","page","type-page","status-publish","hentry"],"_links":{"self":[{"href":"https:\/\/stiliger.com\/sensorymini\/wp-json\/wp\/v2\/pages\/224","targetHints":{"allow":["GET"]}}],"collection":[{"href":"https:\/\/stiliger.com\/sensorymini\/wp-json\/wp\/v2\/pages"}],"about":[{"href":"https:\/\/stiliger.com\/sensorymini\/wp-json\/wp\/v2\/types\/page"}],"author":[{"embeddable":true,"href":"https:\/\/stiliger.com\/sensorymini\/wp-json\/wp\/v2\/users\/1"}],"replies":[{"embeddable":true,"href":"https:\/\/stiliger.com\/sensorymini\/wp-json\/wp\/v2\/comments?post=224"}],"version-history":[{"count":23,"href":"https:\/\/stiliger.com\/sensorymini\/wp-json\/wp\/v2\/pages\/224\/revisions"}],"predecessor-version":[{"id":479,"href":"https:\/\/stiliger.com\/sensorymini\/wp-json\/wp\/v2\/pages\/224\/revisions\/479"}],"wp:attachment":[{"href":"https:\/\/stiliger.com\/sensorymini\/wp-json\/wp\/v2\/media?parent=224"}],"curies":[{"name":"wp","href":"https:\/\/api.w.org\/{rel}","templated":true}]}}